{"id":989551,"date":"2024-03-20T15:52:55","date_gmt":"2024-03-20T18:52:55","guid":{"rendered":"https:\/\/pousadaprado.adv.br\/civel\/"},"modified":"2024-08-27T14:52:25","modified_gmt":"2024-08-27T17:52:25","slug":"civil","status":"publish","type":"page","link":"https:\/\/pousadaprado.adv.br\/es\/areas-de-atuacao\/civil\/","title":{"rendered":"Derecho Civil"},"content":{"rendered":"\t\t<div data-elementor-type=\"wp-page\" data-elementor-id=\"989551\" class=\"elementor elementor-989551 elementor-988569\" data-elementor-post-type=\"page\">\n\t\t\t\t\t\t<section class=\"elementor-section elementor-top-section elementor-element elementor-element-37858afc elementor-section-full_width elementor-section-height-default elementor-section-height-default\" data-id=\"37858afc\" data-element_type=\"section\">\n\t\t\t\t\t\t<div class=\"elementor-container elementor-column-gap-no\">\n\t\t\t\t\t<div class=\"elementor-column elementor-col-100 elementor-top-column elementor-element elementor-element-60bb79bd\" data-id=\"60bb79bd\" data-element_type=\"column\">\n\t\t\t<div class=\"elementor-widget-wrap elementor-element-populated\">\n\t\t\t\t\t\t<div class=\"elementor-element elementor-element-61992a9a elementor-widget elementor-widget-text-editor\" data-id=\"61992a9a\" data-element_type=\"widget\" data-widget_type=\"text-editor.default\">\n\t\t\t\t<div class=\"elementor-widget-container\">\n\t\t\t<style>\/*! elementor - v3.20.0 - 20-03-2024 *\/\n.elementor-widget-text-editor.elementor-drop-cap-view-stacked .elementor-drop-cap{background-color:#69727d;color:#fff}.elementor-widget-text-editor.elementor-drop-cap-view-framed .elementor-drop-cap{color:#69727d;border:3px solid;background-color:transparent}.elementor-widget-text-editor:not(.elementor-drop-cap-view-default) .elementor-drop-cap{margin-top:8px}.elementor-widget-text-editor:not(.elementor-drop-cap-view-default) .elementor-drop-cap-letter{width:1em;height:1em}.elementor-widget-text-editor .elementor-drop-cap{float:left;text-align:center;line-height:1;font-size:50px}.elementor-widget-text-editor .elementor-drop-cap-letter{display:inline-block}<\/style>\t\t\t\t<p>El Derecho Civil es una de las \u00e1reas m\u00e1s importantes del derecho, ya que regula las relaciones entre los individuos en la sociedad. Se encarga de garantizar los derechos y deberes de las personas en diversas situaciones, como contratos, responsabilidad civil, familia, sucesi\u00f3n, entre otras.<\/p><p>Para abordar cuestiones relacionadas con el Derecho Civil es imprescindible contar con abogados especializados en el \u00e1rea civil. Nuestro equipo tiene un profundo conocimiento de las leyes y jurisprudencia que rigen las relaciones civiles, lo que les permite ofrecer el mejor apoyo y orientaci\u00f3n a nuestros clientes.<\/p><p>Como abogados especialistas en Derecho Civil, trabajamos en diversas situaciones, como redacci\u00f3n y an\u00e1lisis de contratos, resoluci\u00f3n de conflictos familiares, defensa de los derechos del consumidor, entre otros temas. Adem\u00e1s, nuestro departamento especializado en Derecho Civil tambi\u00e9n se encarga de representar a nuestros clientes en los procedimientos judiciales, buscando siempre la mejor soluci\u00f3n para los casos en los que act\u00faan, ofreciendo siempre un soporte jur\u00eddico eficiente y de calidad.<\/p><p>Actuamos para garantizar que los derechos e intereses de nuestros clientes est\u00e9n protegidos de acuerdo con la legislaci\u00f3n vigente.<\/p><p>Por ello, es imprescindible contar con abogados especializados en Derecho Civil para abordar cuestiones relacionadas con esta \u00e1rea del derecho. Si necesita apoyo legal en el \u00e1rea civil, no dude en contactarnos, nuestro equipo est\u00e1 listo para atenderlo.<\/p>\t\t\t\t\t\t<\/div>\n\t\t\t\t<\/div>\n\t\t\t\t<section class=\"elementor-section elementor-inner-section elementor-element elementor-element-c2cf63d elementor-section-boxed elementor-section-height-default elementor-section-height-default\" data-id=\"c2cf63d\" data-element_type=\"section\" data-settings=\"{&quot;background_background&quot;:&quot;classic&quot;}\">\n\t\t\t\t\t\t<div class=\"elementor-container elementor-column-gap-no\">\n\t\t\t\t\t<div class=\"elementor-column elementor-col-100 elementor-inner-column elementor-element elementor-element-32c60bb5\" data-id=\"32c60bb5\" data-element_type=\"column\">\n\t\t\t<div class=\"elementor-widget-wrap elementor-element-populated\">\n\t\t\t\t\t\t<div class=\"elementor-element elementor-element-2cfbbbe elementor-widget elementor-widget-text-editor\" data-id=\"2cfbbbe\" data-element_type=\"widget\" data-widget_type=\"text-editor.default\">\n\t\t\t\t<div class=\"elementor-widget-container\">\n\t\t\t\t\t\t\t<p>El derecho civil es la base de unas relaciones justas, que protegen los derechos individuales y colectivos y garantizan la armon\u00eda y la equidad en la sociedad.<\/p>\t\t\t\t\t\t<\/div>\n\t\t\t\t<\/div>\n\t\t\t\t<div class=\"elementor-element elementor-element-16ced850 elementor-widget-divider--view-line elementor-widget elementor-widget-divider\" data-id=\"16ced850\" data-element_type=\"widget\" data-widget_type=\"divider.default\">\n\t\t\t\t<div class=\"elementor-widget-container\">\n\t\t\t<style>\/*! elementor - v3.20.0 - 20-03-2024 *\/\n.elementor-widget-divider{--divider-border-style:none;--divider-border-width:1px;--divider-color:#0c0d0e;--divider-icon-size:20px;--divider-element-spacing:10px;--divider-pattern-height:24px;--divider-pattern-size:20px;--divider-pattern-url:none;--divider-pattern-repeat:repeat-x}.elementor-widget-divider .elementor-divider{display:flex}.elementor-widget-divider .elementor-divider__text{font-size:15px;line-height:1;max-width:95%}.elementor-widget-divider .elementor-divider__element{margin:0 var(--divider-element-spacing);flex-shrink:0}.elementor-widget-divider .elementor-icon{font-size:var(--divider-icon-size)}.elementor-widget-divider .elementor-divider-separator{display:flex;margin:0;direction:ltr}.elementor-widget-divider--view-line_icon .elementor-divider-separator,.elementor-widget-divider--view-line_text .elementor-divider-separator{align-items:center}.elementor-widget-divider--view-line_icon .elementor-divider-separator:after,.elementor-widget-divider--view-line_icon .elementor-divider-separator:before,.elementor-widget-divider--view-line_text .elementor-divider-separator:after,.elementor-widget-divider--view-line_text .elementor-divider-separator:before{display:block;content:\"\";border-block-end:0;flex-grow:1;border-block-start:var(--divider-border-width) var(--divider-border-style) var(--divider-color)}.elementor-widget-divider--element-align-left .elementor-divider .elementor-divider-separator>.elementor-divider__svg:first-of-type{flex-grow:0;flex-shrink:100}.elementor-widget-divider--element-align-left .elementor-divider-separator:before{content:none}.elementor-widget-divider--element-align-left .elementor-divider__element{margin-left:0}.elementor-widget-divider--element-align-right .elementor-divider .elementor-divider-separator>.elementor-divider__svg:last-of-type{flex-grow:0;flex-shrink:100}.elementor-widget-divider--element-align-right .elementor-divider-separator:after{content:none}.elementor-widget-divider--element-align-right .elementor-divider__element{margin-right:0}.elementor-widget-divider--element-align-start .elementor-divider .elementor-divider-separator>.elementor-divider__svg:first-of-type{flex-grow:0;flex-shrink:100}.elementor-widget-divider--element-align-start .elementor-divider-separator:before{content:none}.elementor-widget-divider--element-align-start .elementor-divider__element{margin-inline-start:0}.elementor-widget-divider--element-align-end .elementor-divider .elementor-divider-separator>.elementor-divider__svg:last-of-type{flex-grow:0;flex-shrink:100}.elementor-widget-divider--element-align-end .elementor-divider-separator:after{content:none}.elementor-widget-divider--element-align-end .elementor-divider__element{margin-inline-end:0}.elementor-widget-divider:not(.elementor-widget-divider--view-line_text):not(.elementor-widget-divider--view-line_icon) .elementor-divider-separator{border-block-start:var(--divider-border-width) var(--divider-border-style) var(--divider-color)}.elementor-widget-divider--separator-type-pattern{--divider-border-style:none}.elementor-widget-divider--separator-type-pattern.elementor-widget-divider--view-line .elementor-divider-separator,.elementor-widget-divider--separator-type-pattern:not(.elementor-widget-divider--view-line) .elementor-divider-separator:after,.elementor-widget-divider--separator-type-pattern:not(.elementor-widget-divider--view-line) .elementor-divider-separator:before,.elementor-widget-divider--separator-type-pattern:not([class*=elementor-widget-divider--view]) .elementor-divider-separator{width:100%;min-height:var(--divider-pattern-height);-webkit-mask-size:var(--divider-pattern-size) 100%;mask-size:var(--divider-pattern-size) 100%;-webkit-mask-repeat:var(--divider-pattern-repeat);mask-repeat:var(--divider-pattern-repeat);background-color:var(--divider-color);-webkit-mask-image:var(--divider-pattern-url);mask-image:var(--divider-pattern-url)}.elementor-widget-divider--no-spacing{--divider-pattern-size:auto}.elementor-widget-divider--bg-round{--divider-pattern-repeat:round}.rtl .elementor-widget-divider .elementor-divider__text{direction:rtl}.e-con-inner>.elementor-widget-divider,.e-con>.elementor-widget-divider{width:var(--container-widget-width,100%);--flex-grow:var(--container-widget-flex-grow)}<\/style>\t\t<div class=\"elementor-divider\">\n\t\t\t<span class=\"elementor-divider-separator\">\n\t\t\t\t\t\t<\/span>\n\t\t<\/div>\n\t\t\t\t<\/div>\n\t\t\t\t<\/div>\n\t\t\t\t<div class=\"vamtam-has-theme-widget-styles elementor-element elementor-element-16869f94 elementor-widget__width-auto vamtam-has-underline-anim elementor-widget elementor-widget-button\" data-id=\"16869f94\" data-element_type=\"widget\" data-widget_type=\"button.default\">\n\t\t\t\t<div class=\"elementor-widget-container\">\n\t\t\t\t\t<div class=\"elementor-button-wrapper\">\n\t\t\t<a class=\"elementor-button elementor-button-link elementor-size-md\" href=\"https:\/\/pousadaprado.adv.br\/es\/contacto\">\n\t\t\t\t\t\t<span class=\"elementor-button-content-wrapper\">\n\t\t\t\t\t\t<span class=\"elementor-button-icon elementor-align-icon-right\">\n\t\t\t\t<i aria-hidden=\"true\" class=\"vamtamtheme- vamtam-theme-icon-arrow-right-top\"><\/i>\t\t\t<\/span>\n\t\t\t\t\t\t<span class=\"elementor-button-text\">Cons\u00faltanos<\/span>\n\t\t<\/span>\n\t\t\t\t\t<\/a>\n\t\t<\/div>\n\t\t\t\t<\/div>\n\t\t\t\t<\/div>\n\t\t\t\t\t<\/div>\n\t\t<\/div>\n\t\t\t\t\t<\/div>\n\t\t<\/section>\n\t\t\t\t\t<\/div>\n\t\t<\/div>\n\t\t\t\t\t<\/div>\n\t\t<\/section>\n\t\t\t\t<\/div>\n\t\t","protected":false},"excerpt":{"rendered":"<p>El Derecho Civil es una de las \u00e1reas m\u00e1s importantes del derecho, ya que regula las relaciones entre los individuos en la sociedad. Se encarga de garantizar los derechos y deberes de las personas en diversas situaciones, como contratos, responsabilidad civil, familia, sucesi\u00f3n, entre otras. Para abordar cuestiones relacionadas con el Derecho Civil es imprescindible&#8230;<\/p>\n","protected":false},"author":1,"featured_media":0,"parent":989574,"menu_order":0,"comment_status":"closed","ping_status":"closed","template":"","meta":{"inline_featured_image":false,"footnotes":""},"class_list":["post-989551","page","type-page","status-publish","hentry"],"yoast_head":"<!-- This site is optimized with the Yoast SEO Premium plugin v21.3 (Yoast SEO v22.3) - https:\/\/yoast.com\/wordpress\/plugins\/seo\/ -->\n<title>Derecho Civil - Pousada Prado<\/title>\n<meta name=\"robots\" content=\"index, follow, max-snippet:-1, max-image-preview:large, max-video-preview:-1\" \/>\n<link rel=\"canonical\" href=\"https:\/\/pousadaprado.adv.br\/es\/areas-de-atuacao\/civil\/\" \/>\n<meta property=\"og:locale\" content=\"es_ES\" \/>\n<meta property=\"og:type\" content=\"article\" \/>\n<meta property=\"og:title\" content=\"Derecho Civil\" \/>\n<meta property=\"og:description\" content=\"El Derecho Civil es una de las \u00e1reas m\u00e1s importantes del derecho, ya que regula las relaciones entre los individuos en la sociedad. Se encarga de garantizar los derechos y deberes de las personas en diversas situaciones, como contratos, responsabilidad civil, familia, sucesi\u00f3n, entre otras. Para abordar cuestiones relacionadas con el Derecho Civil es imprescindible...\" \/>\n<meta property=\"og:url\" content=\"https:\/\/pousadaprado.adv.br\/es\/areas-de-atuacao\/civil\/\" \/>\n<meta property=\"og:site_name\" content=\"Pousada Prado\" \/>\n<meta property=\"article:modified_time\" content=\"2024-08-27T17:52:25+00:00\" \/>\n<meta name=\"twitter:card\" content=\"summary_large_image\" \/>\n<meta name=\"twitter:label1\" content=\"Tiempo de lectura\" \/>\n\t<meta name=\"twitter:data1\" content=\"2 minutos\" \/>\n<script type=\"application\/ld+json\" class=\"yoast-schema-graph\">{\"@context\":\"https:\/\/schema.org\",\"@graph\":[{\"@type\":\"WebPage\",\"@id\":\"https:\/\/pousadaprado.adv.br\/es\/areas-de-atuacao\/civil\/\",\"url\":\"https:\/\/pousadaprado.adv.br\/es\/areas-de-atuacao\/civil\/\",\"name\":\"Derecho Civil - Pousada Prado\",\"isPartOf\":{\"@id\":\"https:\/\/pousadaprado.adv.br\/#website\"},\"datePublished\":\"2024-03-20T18:52:55+00:00\",\"dateModified\":\"2024-08-27T17:52:25+00:00\",\"breadcrumb\":{\"@id\":\"https:\/\/pousadaprado.adv.br\/es\/areas-de-atuacao\/civil\/#breadcrumb\"},\"inLanguage\":\"es\",\"potentialAction\":[{\"@type\":\"ReadAction\",\"target\":[\"https:\/\/pousadaprado.adv.br\/es\/areas-de-atuacao\/civil\/\"]}]},{\"@type\":\"BreadcrumbList\",\"@id\":\"https:\/\/pousadaprado.adv.br\/es\/areas-de-atuacao\/civil\/#breadcrumb\",\"itemListElement\":[{\"@type\":\"ListItem\",\"position\":1,\"name\":\"In\u00edcio\",\"item\":\"https:\/\/pousadaprado.adv.br\/\"},{\"@type\":\"ListItem\",\"position\":2,\"name\":\"Practice Areas\",\"item\":\"https:\/\/pousadaprado.adv.br\/es\/areas-de-atuacao\/\"},{\"@type\":\"ListItem\",\"position\":3,\"name\":\"Derecho Civil\"}]},{\"@type\":\"WebSite\",\"@id\":\"https:\/\/pousadaprado.adv.br\/#website\",\"url\":\"https:\/\/pousadaprado.adv.br\/\",\"name\":\"Pousada Prado\",\"description\":\"Advogados Associados\",\"publisher\":{\"@id\":\"https:\/\/pousadaprado.adv.br\/#organization\"},\"potentialAction\":[{\"@type\":\"SearchAction\",\"target\":{\"@type\":\"EntryPoint\",\"urlTemplate\":\"https:\/\/pousadaprado.adv.br\/?s={search_term_string}\"},\"query-input\":\"required name=search_term_string\"}],\"inLanguage\":\"es\"},{\"@type\":\"Organization\",\"@id\":\"https:\/\/pousadaprado.adv.br\/#organization\",\"name\":\"Pousada Prado\",\"url\":\"https:\/\/pousadaprado.adv.br\/\",\"logo\":{\"@type\":\"ImageObject\",\"inLanguage\":\"es\",\"@id\":\"https:\/\/pousadaprado.adv.br\/#\/schema\/logo\/image\/\",\"url\":\"https:\/\/pousadaprado.adv.br\/wp-content\/uploads\/2023\/09\/PPAA_logotipo-horizontal-principal.svg\",\"contentUrl\":\"https:\/\/pousadaprado.adv.br\/wp-content\/uploads\/2023\/09\/PPAA_logotipo-horizontal-principal.svg\",\"width\":348,\"height\":52,\"caption\":\"Pousada Prado\"},\"image\":{\"@id\":\"https:\/\/pousadaprado.adv.br\/#\/schema\/logo\/image\/\"},\"sameAs\":[\"https:\/\/linkedin.com\/company\/pousada-benassi-advogados-associados\/about\/\"]}]}<\/script>\n<!-- \/ Yoast SEO Premium plugin. -->","yoast_head_json":{"title":"Derecho Civil - Pousada Prado","robots":{"index":"index","follow":"follow","max-snippet":"max-snippet:-1","max-image-preview":"max-image-preview:large","max-video-preview":"max-video-preview:-1"},"canonical":"https:\/\/pousadaprado.adv.br\/es\/areas-de-atuacao\/civil\/","og_locale":"es_ES","og_type":"article","og_title":"Derecho Civil","og_description":"El Derecho Civil es una de las \u00e1reas m\u00e1s importantes del derecho, ya que regula las relaciones entre los individuos en la sociedad. Se encarga de garantizar los derechos y deberes de las personas en diversas situaciones, como contratos, responsabilidad civil, familia, sucesi\u00f3n, entre otras. Para abordar cuestiones relacionadas con el Derecho Civil es imprescindible...","og_url":"https:\/\/pousadaprado.adv.br\/es\/areas-de-atuacao\/civil\/","og_site_name":"Pousada Prado","article_modified_time":"2024-08-27T17:52:25+00:00","twitter_card":"summary_large_image","twitter_misc":{"Tiempo de lectura":"2 minutos"},"schema":{"@context":"https:\/\/schema.org","@graph":[{"@type":"WebPage","@id":"https:\/\/pousadaprado.adv.br\/es\/areas-de-atuacao\/civil\/","url":"https:\/\/pousadaprado.adv.br\/es\/areas-de-atuacao\/civil\/","name":"Derecho Civil - Pousada Prado","isPartOf":{"@id":"https:\/\/pousadaprado.adv.br\/#website"},"datePublished":"2024-03-20T18:52:55+00:00","dateModified":"2024-08-27T17:52:25+00:00","breadcrumb":{"@id":"https:\/\/pousadaprado.adv.br\/es\/areas-de-atuacao\/civil\/#breadcrumb"},"inLanguage":"es","potentialAction":[{"@type":"ReadAction","target":["https:\/\/pousadaprado.adv.br\/es\/areas-de-atuacao\/civil\/"]}]},{"@type":"BreadcrumbList","@id":"https:\/\/pousadaprado.adv.br\/es\/areas-de-atuacao\/civil\/#breadcrumb","itemListElement":[{"@type":"ListItem","position":1,"name":"In\u00edcio","item":"https:\/\/pousadaprado.adv.br\/"},{"@type":"ListItem","position":2,"name":"Practice Areas","item":"https:\/\/pousadaprado.adv.br\/es\/areas-de-atuacao\/"},{"@type":"ListItem","position":3,"name":"Derecho Civil"}]},{"@type":"WebSite","@id":"https:\/\/pousadaprado.adv.br\/#website","url":"https:\/\/pousadaprado.adv.br\/","name":"Pousada Prado","description":"Advogados Associados","publisher":{"@id":"https:\/\/pousadaprado.adv.br\/#organization"},"potentialAction":[{"@type":"SearchAction","target":{"@type":"EntryPoint","urlTemplate":"https:\/\/pousadaprado.adv.br\/?s={search_term_string}"},"query-input":"required name=search_term_string"}],"inLanguage":"es"},{"@type":"Organization","@id":"https:\/\/pousadaprado.adv.br\/#organization","name":"Pousada Prado","url":"https:\/\/pousadaprado.adv.br\/","logo":{"@type":"ImageObject","inLanguage":"es","@id":"https:\/\/pousadaprado.adv.br\/#\/schema\/logo\/image\/","url":"https:\/\/pousadaprado.adv.br\/wp-content\/uploads\/2023\/09\/PPAA_logotipo-horizontal-principal.svg","contentUrl":"https:\/\/pousadaprado.adv.br\/wp-content\/uploads\/2023\/09\/PPAA_logotipo-horizontal-principal.svg","width":348,"height":52,"caption":"Pousada Prado"},"image":{"@id":"https:\/\/pousadaprado.adv.br\/#\/schema\/logo\/image\/"},"sameAs":["https:\/\/linkedin.com\/company\/pousada-benassi-advogados-associados\/about\/"]}]}},"_links":{"self":[{"href":"https:\/\/pousadaprado.adv.br\/es\/wp-json\/wp\/v2\/pages\/989551"}],"collection":[{"href":"https:\/\/pousadaprado.adv.br\/es\/wp-json\/wp\/v2\/pages"}],"about":[{"href":"https:\/\/pousadaprado.adv.br\/es\/wp-json\/wp\/v2\/types\/page"}],"author":[{"embeddable":true,"href":"https:\/\/pousadaprado.adv.br\/es\/wp-json\/wp\/v2\/users\/1"}],"replies":[{"embeddable":true,"href":"https:\/\/pousadaprado.adv.br\/es\/wp-json\/wp\/v2\/comments?post=989551"}],"version-history":[{"count":11,"href":"https:\/\/pousadaprado.adv.br\/es\/wp-json\/wp\/v2\/pages\/989551\/revisions"}],"predecessor-version":[{"id":989641,"href":"https:\/\/pousadaprado.adv.br\/es\/wp-json\/wp\/v2\/pages\/989551\/revisions\/989641"}],"up":[{"embeddable":true,"href":"https:\/\/pousadaprado.adv.br\/es\/wp-json\/wp\/v2\/pages\/989574"}],"wp:attachment":[{"href":"https:\/\/pousadaprado.adv.br\/es\/wp-json\/wp\/v2\/media?parent=989551"}],"curies":[{"name":"wp","href":"https:\/\/api.w.org\/{rel}","templated":true}]}}